{"id":573,"date":"2024-03-26T22:49:19","date_gmt":"2024-03-26T22:49:19","guid":{"rendered":"https:\/\/kmktk2024.atomki.hu\/reszletes-program-pentek-aprilis-05\/"},"modified":"2024-04-02T18:16:33","modified_gmt":"2024-04-02T18:16:33","slug":"detailed-programme-friday-5th-april","status":"publish","type":"page","link":"https:\/\/kmktk2024.atomki.hu\/en\/detailed-programme-friday-5th-april\/","title":{"rendered":"Detailed programme \u2013 Friday, 5<sup>th<\/sup> April"},"content":{"rendered":"<div class=\"wpb-content-wrapper\"><p>[vc_row][vc_column][vc_custom_heading source=&#8221;post_title&#8221; font_container=&#8221;tag:h3|text_align:left&#8221; use_theme_fonts=&#8221;yes&#8221;][vc_text_separator title=&#8221;19<sup>th<\/sup> CARPATHIAN BASIN CONFERENCE FOR ENVIRONMENTAL SCIENCES&#8221; title_align=&#8221;separator_align_left&#8221; color=&#8221;custom&#8221; style=&#8221;dotted&#8221; border_width=&#8221;2&#8243; css_animation=&#8221;right-to-left&#8221; accent_color=&#8221;#50b964&#8243;][\/vc_column][\/vc_row][vc_row][vc_column][vc_column_text]<\/p>\n<table class=\" alignleft\" width=\"605\">\n<tbody>\n<tr bgcolor=\"#50B964\">\n<td width=\"113\"><span style=\"color: #000000;\">08:00 \u2013 09:00<\/span><\/td>\n<td width=\"491\"><span style=\"color: #000000;\"><strong>Registration<\/strong><\/span><\/p>\n<p><span style=\"color: #000000;\"><em>(Building XII. 3<sup>rd<\/sup> floor)<\/em><\/span><\/p>\n<p><span style=\"color: #000000;\"><strong>Optional laboratory visit<\/strong><\/span><\/td>\n<\/tr>\n<tr bgcolor=\"#50B964\">\n<td width=\"113\"><span style=\"color: #000000;\">09:00 \u2013 10:30<\/span><\/td>\n<td width=\"491\"><span style=\"color: #000000;\"><strong>Plenary Session<\/strong> <em>(Lecture Hall)<\/em><\/span><\/td>\n<\/tr>\n<tr bgcolor=\"#50B964\">\n<td width=\"113\"><span style=\"color: #000000;\">Chair<\/span><\/td>\n<td width=\"491\"><span style=\"color: #000000;\">Dr. \u00c1rp\u00e1d Zolt\u00e1n Kiss<\/span><\/td>\n<\/tr>\n<tr>\n<td width=\"113\"><span style=\"color: #000000;\">09:00 \u2013 09:30<\/span><\/td>\n<td width=\"491\"><span style=\"color: #000000;\">Bodn\u00e1r Ildik\u00f3, Izb\u00e9kin\u00e9 Szabolcsik Andrea<\/span><\/p>\n<p><span style=\"color: #000000;\"><em>A sz\u00fcrkevizek, mint visszanyert vizek \u00fajrahaszn\u00e1lati lehet\u0151s\u00e9gei<\/em><\/span><\/td>\n<\/tr>\n<tr>\n<td width=\"113\"><span style=\"color: #000000;\">09:30 \u2013 10:00<\/span><\/td>\n<td width=\"491\"><span style=\"color: #000000;\">Palcsu L\u00e1szl\u00f3<\/span><\/p>\n<p><span style=\"color: #000000;\"><em>Paleokl\u00edma rekonstrukci\u00f3t\u00f3l az izot\u00f3phidrol\u00f3gi\u00e1ig: a m\u00falt \u00e9s a jelen, megeml\u00e9kez\u00e9s Hertelendi Ed\u00e9r\u0151l<\/em>.<\/span><\/td>\n<\/tr>\n<tr>\n<td width=\"113\"><span style=\"color: #000000;\">10:00 \u2013 10:30<\/span><\/td>\n<td width=\"491\"><span style=\"color: #000000;\">Lisztes-Szab\u00f3 Zsuzsa, Braun Mih\u00e1ly, Lengyel Gy\u00f6rgy, S\u00f3v\u00e1g\u00f3 D\u00e1vid, Filep Anna Fruzsina, T\u00f3th Albert<\/span><\/p>\n<p><span style=\"color: #000000;\"><em>N\u00f6v\u00e9nyi mikromaradv\u00e1nyok a paleok\u00f6rnyezeti vizsg\u00e1latokban: n\u00e9gy id\u0151szak \u2013 n\u00e9gy esettanulm\u00e1ny<\/em><\/span><\/td>\n<\/tr>\n<tr>\n<td colspan=\"2\" width=\"605\"><span style=\"color: #000000;\"><strong>\u00a0<\/strong><\/span><\/td>\n<\/tr>\n<tr>\n<td width=\"113\"><span style=\"color: #000000;\">10:30 \u2013 10:50<\/span><\/td>\n<td width=\"491\"><span style=\"color: #000000;\"><strong>Coffee break<\/strong><\/span><\/td>\n<\/tr>\n<tr>\n<td colspan=\"2\" width=\"605\"><span style=\"color: #000000;\"><strong>\u00a0<\/strong><\/span><\/td>\n<\/tr>\n<tr bgcolor=\"#50B964\">\n<td width=\"113\"><span style=\"color: #000000;\">10:50 \u2013 12:50<\/span><\/td>\n<td width=\"491\"><span style=\"color: #000000;\"><strong>Hertelendi Ede Memorial Session<\/strong><\/span><\/p>\n<p><span style=\"color: #000000;\"><em>(Lecture Hall)<\/em><\/span><\/td>\n<\/tr>\n<tr bgcolor=\"#50B964\">\n<td width=\"113\"><span style=\"color: #000000;\">Chair<\/span><\/td>\n<td width=\"491\"><span style=\"color: #000000;\">Dr. L\u00e1szl\u00f3 Palcsu\u00a0<\/span><\/td>\n<\/tr>\n<tr>\n<td width=\"113\"><span style=\"color: #000000;\">10:50 \u2013 11:05<\/span><\/td>\n<td width=\"491\"><span style=\"color: #000000;\">L\u00e9n\u00e1rt L\u00e1szl\u00f3<\/span><\/p>\n<p><span style=\"color: #000000;\"><em>A karsztv\u00edzszint 2010-t\u0151l tart\u00f3 cs\u00f6kken\u00e9s\u00e9nek lehets\u00e9ges okai a 33 \u00e9ves B\u00fckki Karsztv\u00edzszint \u00c9szlel\u0151 Rendszer (BK\u00c9R) leghosszabb adatsorai alapj\u00e1n<\/em><\/span><\/td>\n<\/tr>\n<tr>\n<td width=\"113\"><span style=\"color: #000000;\">11:05 \u2013 11:20<\/span><\/td>\n<td width=\"491\"><span style=\"color: #000000;\">P\u00e1sztor D\u00e1vid, Feh\u00e9r Zsolt Zolt\u00e1n, Tam\u00e1s J\u00e1nos<\/span><\/p>\n<p><span style=\"color: #000000;\"><em>A fenntarthat\u00f3 v\u00edzgazd\u00e1lkod\u00e1s t\u00e1mogat\u00e1sa hidrol\u00f3giai modellez\u00e9ssel a Tikevir ter\u00fclet\u00e9n<\/em><\/span><\/td>\n<\/tr>\n<tr>\n<td width=\"113\"><span style=\"color: #000000;\">11:20 \u2013 11:35<\/span><\/td>\n<td width=\"491\"><span style=\"color: #000000;\">B\u00e1der L\u00e1szl\u00f3, F\u00f6ldv\u00e1ry L\u00f3r\u00e1nt<\/span><\/p>\n<p><span style=\"color: #000000;\"><em>V\u00edzbiztons\u00e1g a K\u00e1rp\u00e1t-medenc\u00e9ben, a v\u00edzm\u00e9rleg v\u00e1ltoz\u00e1sai 1961-t\u0151l napjainkig<\/em><\/span><\/td>\n<\/tr>\n<tr>\n<td width=\"113\"><span style=\"color: #000000;\">11:35 \u2013 11:50<\/span><\/td>\n<td width=\"491\"><span style=\"color: #000000;\">Kyrillos Ghattas, Tam\u00e1s Buday<\/span><\/p>\n<p><span style=\"color: #000000;\"><em>Estimated hydrogeological models for periodic water production<\/em><\/span><\/td>\n<\/tr>\n<tr>\n<td width=\"113\"><span style=\"color: #000000;\">11:50 \u2013 12:05<\/span><\/td>\n<td width=\"491\"><span style=\"color: #000000;\">Barun Mih\u00e1ly, Lisztes-Szab\u00f3 Zsuzsa, T\u00f3th Albert, Hubay Katalin, S\u00f3v\u00e1g\u00f3 D\u00e1vid, Braun \u00c1d\u00e1m, Filep Anna Fruzsina<\/span><\/p>\n<p><span style=\"color: #000000;\"><em>K\u00f6rnyezeti v\u00e1ltoz\u00e1sok rekonstrukci\u00f3ja tavak \u00e9s l\u00e1pok \u00fcled\u00e9k\u00e9b\u0151l<\/em><\/span><\/td>\n<\/tr>\n<tr>\n<td width=\"113\"><span style=\"color: #000000;\">12:05 \u2013 12:20<\/span><\/td>\n<td width=\"491\"><span style=\"color: #000000;\">Dr. Vlasz\u00e1tsn\u00e9 Vanczer D\u00f3ra<\/span><\/p>\n<p><span style=\"color: #000000;\"><em>\u00c1ltal\u00e1nos- \u00e9s k\u00f6z\u00e9piskolai k\u00e9mia-tan\u00e1rok k\u00f6rnyezeti attit\u0171dj\u00e9nek vizsg\u00e1lata online k\u00e9rd\u0151\u00edvvel<\/em><\/span><\/td>\n<\/tr>\n<tr>\n<td width=\"113\"><span style=\"color: #000000;\">12:20 \u2013 12:50<\/span><\/td>\n<td width=\"491\"><span style=\"color: #000000;\">Dancsa D\u00e1niel, Nagy Melinda, Tak\u00e1\u010d Ondrej<\/span><\/p>\n<p><span style=\"color: #000000;\"><em>Az \u00e9l\u0151vil\u00e1g, k\u00fcl\u00f6n\u00f6s tekintettel az \u00edzeltl\u00e1b\u00faak meg\u0151rz\u00e9s\u00e9nek lehets\u00e9ges m\u00f3djai a PIX4D szoftver felhaszn\u00e1l\u00e1s\u00e1val<\/em><\/span><\/td>\n<\/tr>\n<tr>\n<td colspan=\"2\" width=\"605\"><span style=\"color: #000000;\"><strong>\u00a0<\/strong><\/span><\/td>\n<\/tr>\n<tr bgcolor=\"#50B964\">\n<td width=\"113\"><span style=\"color: #000000;\">10:50 \u2013 12:50<\/span><\/td>\n<td width=\"491\"><span style=\"color: #000000;\"><strong>Ecology Session<\/strong><\/span><\/p>\n<p><span style=\"color: #000000;\"><em>(Visitor Centre)<\/em><\/span><\/td>\n<\/tr>\n<tr bgcolor=\"#50B964\">\n<td width=\"113\"><span style=\"color: #000000;\">Chair<\/span><\/td>\n<td width=\"491\"><span style=\"color: #000000;\">Dr. Zsuzsa Lisztes-Szab\u00f3<\/span><\/td>\n<\/tr>\n<tr>\n<td width=\"113\"><span style=\"color: #000000;\">10:50 \u2013 11:05<\/span><\/td>\n<td width=\"491\"><span style=\"color: #000000;\">Penksza K\u00e1roly, Sal\u00e1ta-Falusi Eszter, Hoffmann Rich\u00e1rd, Somfalvi-T\u00f3th Katalin, Lisztes-Szab\u00f3 Zsuzsa,Szentes Szil\u00e1rd<\/span><\/p>\n<p><span style=\"color: #000000;\"><em>A K\u00e1rp\u00e1t-medence ny\u00edlt homoki ter\u00fcleteinn az antropog\u00e9n hat\u00e1sok vagy \u00e9ghajlati sz\u00e9ls\u0151s\u00e9gek okozhatnak \u00faj fajkeletkez\u00e9si lehet\u0151s\u00e9geket? Elemz\u00e9sek a Festuca taxonok p\u00e9ld\u00e1j\u00e1n kereszt\u00fcl<\/em><\/span><\/td>\n<\/tr>\n<tr>\n<td width=\"113\"><span style=\"color: #000000;\">11:05 \u2013 11:20<\/span><\/td>\n<td width=\"491\"><span style=\"color: #000000;\">Kutny\u00e1nszky Vir\u00e1g, Szilv\u00e1csku Mikl\u00f3s<\/span><\/p>\n<p><span style=\"color: #000000;\"><em>Az \u00f6kol\u00f3giai h\u00e1l\u00f3zat \u00e9s a v\u00edzrendszer kapcsolata a K\u00e1rp\u00e1t-medenc\u00e9ben \u2013 \u00datkeres\u00e9s a fenntarthat\u00f3 t\u00e1jhaszn\u00e1lat\u00e9rt<\/em><\/span><\/td>\n<\/tr>\n<tr>\n<td width=\"113\"><span style=\"color: #000000;\">11:20 \u2013 11:35<\/span><\/td>\n<td width=\"491\"><span style=\"color: #000000;\">Sz\u0171cs Boldizs\u00e1r, Gosztonyi Bence, Sz\u00fcnstein M\u00e1t\u00e9, Wohlfart Rich\u00e1rd, ifj. Wohlfart Rich\u00e1rd, Jakub Kossa, Philip Tulis, Horv\u00e1th Gy\u0151z\u0151<\/span><\/p>\n<p><span style=\"color: #000000;\"><em>Az \u00e9szaki pocok (Alexandromys oeconomus mehelyi) mozg\u00e1smint\u00e1zat\u00e1nak vizsg\u00e1lata \u00faj fejleszt\u00e9s\u0171 automata r\u00e1di\u00f3telemetri\u00e1s rendszerrel a Kis-Balaton ter\u00fclet\u00e9n<\/em><\/span><\/td>\n<\/tr>\n<tr>\n<td width=\"113\"><span style=\"color: #000000;\">11:35 \u2013 11:50<\/span><\/td>\n<td width=\"491\"><span style=\"color: #000000;\">Sz\u00fcnstein M\u00e1t\u00e9, So\u00f3s Anna, Horv\u00e1th Gy\u0151z\u0151<\/span><\/p>\n<p><span style=\"color: #000000;\"><em>A mezei pocok (Microtus arvalis) j\u00e1rataktivit\u00e1si mint\u00e1zat\u00e1nak modellez\u00e9se a faj teljes demogr\u00e1fiai ciklus\u00e1ban<\/em><\/span><\/td>\n<\/tr>\n<tr>\n<td width=\"113\"><span style=\"color: #000000;\">11:50 \u2013 12:05<\/span><\/td>\n<td width=\"491\"><span style=\"color: #000000;\">Nagyfenyvesi Zolt\u00e1n, T\u00f3th D\u00e1niel, Horv\u00e1th Gy\u0151z\u0151<\/span><\/p>\n<p><span style=\"color: #000000;\"><em>Kiseml\u0151s egy\u00fcttesek \u00f6sszet\u00e9tel\u00e9nek \u00e9s diverzit\u00e1si viszonyainak vizsg\u00e1lata k\u00fcl\u00f6nb\u00f6z\u0151 erdei \u00e9l\u0151helyeken<\/em><\/span><\/td>\n<\/tr>\n<tr>\n<td width=\"113\"><span style=\"color: #000000;\">12:05 \u2013 12:20<\/span><\/td>\n<td width=\"491\"><span style=\"color: #000000;\">Horv\u00e1th Adrienn, Hajdu Sarolta, Csizmazia Csenge, Horv\u00e1th Gy\u0151z\u0151<\/span><\/p>\n<p><span style=\"color: #000000;\"><em>A gy\u00f6ngybagoly (Tyto alba) zs\u00e1km\u00e1nyforr\u00e1s hasznos\u00edt\u00e1sa a mezei pocok (Microtus arvalis) \u00e1llom\u00e1ny \u00f6sszeoml\u00e1sa \u00e9s grad\u00e1ci\u00f3ja alatt<\/em><\/span><\/td>\n<\/tr>\n<tr>\n<td width=\"113\"><span style=\"color: #000000;\">12:20 \u2013 12:35<\/span><\/td>\n<td width=\"491\"><span style=\"color: #000000;\">Abdulrahman Reyad, Abdulrahman Reyad, Vikt\u00f3ria B-B\u00e9res, G\u00e1bor V\u00e1rb\u00edr\u00f3, Emese Gy\u00f6keres, J\u00falia Szeles<\/span><\/p>\n<p><span style=\"color: #000000;\"><em>Structural composition of aquatic macroinvertebrate communities: insights to the intermittent lowland streams of Great Hungarian Plain<\/em><\/span><\/td>\n<\/tr>\n<tr>\n<td colspan=\"2\" width=\"605\"><span style=\"color: #000000;\"><strong>\u00a0<\/strong><\/span><\/td>\n<\/tr>\n<tr>\n<td width=\"113\"><span style=\"color: #000000;\">12:45 \u2013 14:00<\/span><\/td>\n<td width=\"491\"><span style=\"color: #000000;\"><strong>Lunch break<\/strong> <em>(Building VIII)<\/em><\/span><\/td>\n<\/tr>\n<tr>\n<td colspan=\"2\" width=\"605\"><span style=\"color: #000000;\"><strong>\u00a0<\/strong><\/span><\/td>\n<\/tr>\n<tr bgcolor=\"#50B964\">\n<td width=\"113\"><span style=\"color: #000000;\">14:00 \u2013 14:45<\/span><\/td>\n<td width=\"491\"><span style=\"color: #000000;\"><strong>Environmental Physics and Built Environment Session<br \/>\n<\/strong><\/span><span style=\"color: #000000;\"><em>(Lecture Hall)<\/em><\/span><\/td>\n<\/tr>\n<tr bgcolor=\"#50B964\">\n<td width=\"113\"><span style=\"color: #000000;\">Chair<\/span><\/td>\n<td width=\"491\"><span style=\"color: #000000;\">Dr. Mih\u00e1ly Moln\u00e1r\u00a0<\/span><\/td>\n<\/tr>\n<tr>\n<td width=\"113\"><span style=\"color: #000000;\">14:00 \u2013 14:15<\/span><\/td>\n<td width=\"491\"><span style=\"color: #000000;\">M\u00f3csy Ildik\u00f3, Kiss \u00c1d\u00e1m<\/span><\/p>\n<p><span style=\"color: #000000;\"><em>A bels\u0151 terek min\u0151s\u00e9g\u00e9nek jelent\u0151s\u00e9ge \u00e9s meghat\u00e1roz\u00f3 fizikai param\u00e9terei<\/em><\/span><\/td>\n<\/tr>\n<tr>\n<td width=\"113\"><span style=\"color: #000000;\">14:15 \u2013 14:30<\/span><\/td>\n<td width=\"491\"><span style=\"color: #000000;\">Kiss \u00c1d\u00e1m, M\u00f3csy Ildik\u00f3<\/span><\/p>\n<p><span style=\"color: #000000;\"><em>A kis, modul\u00e1ris reaktorok, mint a j\u00f6v\u0151 atomer\u0151m\u0171vei<\/em><\/span><\/td>\n<\/tr>\n<tr>\n<td width=\"113\"><span style=\"color: #000000;\">14:30 \u2013 14:45<\/span><\/td>\n<td width=\"491\"><span style=\"color: #000000;\">Kerekes Anna-Hajnalka, Poszet Szil\u00e1rd<\/span><\/p>\n<p><span style=\"color: #000000;\"><em>Buildable areas with rising risk in Cluj-Napoca\u2019s southwest region<\/em><\/span><\/td>\n<\/tr>\n<tr>\n<td colspan=\"2\" width=\"605\"><span style=\"color: #000000;\"><strong>\u00a0<\/strong><\/span><\/td>\n<\/tr>\n<tr>\n<td rowspan=\"2\" width=\"113\"><span style=\"color: #000000;\">14:45 \u2013 15:00<\/span><\/td>\n<td width=\"491\"><span style=\"color: #000000;\"><strong>Closure of the conference <\/strong><\/span><\/p>\n<p><span style=\"color: #000000;\"><em>(Lecture Hall)<\/em><\/span><\/td>\n<\/tr>\n<tr>\n<td width=\"491\"><span style=\"color: #000000;\">Dr. Mih\u00e1ly Moln\u00e1r, president of the conference<\/span><\/p>\n<p><span style=\"color: #000000;\">Dr. Ildik\u00f3 M\u00f3csy,\u00a0 <\/span><span style=\"color: #000000;\">honorary president of the conference<\/span><\/td>\n<\/tr>\n<\/tbody>\n<\/table>\n<p>[\/vc_column_text][\/vc_column][\/vc_row][vc_row][vc_column width=&#8221;1\/3&#8243;][vc_btn title=&#8221;BACK to for daily programs&#8221; style=&#8221;outline-custom&#8221; outline_custom_color=&#8221;#000000&#8243; outline_custom_hover_background=&#8221;#50b964&#8243; outline_custom_hover_text=&#8221;#ffffff&#8221; shape=&#8221;round&#8221; link=&#8221;url:https%3A%2F%2Fkmktk2024.atomki.hu%2Fen%2Fprogramme-friday-5-th-april%2F|title:Program%20%E2%80%93%20Szerda%2C%20%C3%A1prilis%2003.&#8221;][\/vc_column][vc_column width=&#8221;1\/3&#8243;][\/vc_column][vc_column width=&#8221;1\/3&#8243;][\/vc_column][\/vc_row]<\/p>\n<\/div>","protected":false},"excerpt":{"rendered":"<p>[vc_row][vc_column][vc_custom_heading source=&#8221;post_title&#8221; font_container=&#8221;tag:h3|text_align:left&#8221; use_theme_fonts=&#8221;yes&#8221;][vc_text_separator title=&#8221;19th CARPATHIAN BASIN CONFERENCE FOR ENVIRONMENTAL SCIENCES&#8221; title_align=&#8221;separator_align_left&#8221; color=&#8221;custom&#8221; style=&#8221;dotted&#8221; border_width=&#8221;2&#8243; css_animation=&#8221;right-to-left&#8221; accent_color=&#8221;#50b964&#8243;][\/vc_column][\/vc_row][vc_row][vc_column][vc_column_text] 08:00 \u2013 09:00 Registration (Building XII. 3rd floor) Optional<span class=\"excerpt-hellip\"> [\u2026]<\/span><\/p>\n","protected":false},"author":1,"featured_media":0,"parent":0,"menu_order":0,"comment_status":"closed","ping_status":"closed","template":"","meta":{"inline_featured_image":false,"footnotes":""},"class_list":["post-573","page","type-page","status-publish","hentry"],"_links":{"self":[{"href":"https:\/\/kmktk2024.atomki.hu\/en\/wp-json\/wp\/v2\/pages\/573","targetHints":{"allow":["GET"]}}],"collection":[{"href":"https:\/\/kmktk2024.atomki.hu\/en\/wp-json\/wp\/v2\/pages"}],"about":[{"href":"https:\/\/kmktk2024.atomki.hu\/en\/wp-json\/wp\/v2\/types\/page"}],"author":[{"embeddable":true,"href":"https:\/\/kmktk2024.atomki.hu\/en\/wp-json\/wp\/v2\/users\/1"}],"replies":[{"embeddable":true,"href":"https:\/\/kmktk2024.atomki.hu\/en\/wp-json\/wp\/v2\/comments?post=573"}],"version-history":[{"count":12,"href":"https:\/\/kmktk2024.atomki.hu\/en\/wp-json\/wp\/v2\/pages\/573\/revisions"}],"predecessor-version":[{"id":629,"href":"https:\/\/kmktk2024.atomki.hu\/en\/wp-json\/wp\/v2\/pages\/573\/revisions\/629"}],"wp:attachment":[{"href":"https:\/\/kmktk2024.atomki.hu\/en\/wp-json\/wp\/v2\/media?parent=573"}],"curies":[{"name":"wp","href":"https:\/\/api.w.org\/{rel}","templated":true}]}}