{"id":539,"date":"2024-03-26T22:39:36","date_gmt":"2024-03-26T22:39:36","guid":{"rendered":"https:\/\/kmktk2024.atomki.hu\/reszletes-program-csutortok-aprilis-04\/"},"modified":"2024-03-28T14:38:19","modified_gmt":"2024-03-28T14:38:19","slug":"detailed-programme-thursday-4th-april","status":"publish","type":"page","link":"https:\/\/kmktk2024.atomki.hu\/en\/detailed-programme-thursday-4th-april\/","title":{"rendered":"Detailed programme \u2013 Thursday, 4<sup>th<\/sup> April"},"content":{"rendered":"<div class=\"wpb-content-wrapper\"><p>[vc_row][vc_column][vc_custom_heading source=&#8221;post_title&#8221; font_container=&#8221;tag:h3|text_align:left&#8221; use_theme_fonts=&#8221;yes&#8221;][vc_text_separator title=&#8221;19<sup>th<\/sup> CARPATHIAN BASIN CONFERENCE FOR ENVIRONMENTAL SCIENCES&#8221; title_align=&#8221;separator_align_left&#8221; color=&#8221;custom&#8221; style=&#8221;dotted&#8221; border_width=&#8221;2&#8243; css_animation=&#8221;right-to-left&#8221; accent_color=&#8221;#50b964&#8243;][\/vc_column][\/vc_row][vc_row][vc_column][vc_column_text]<\/p>\n<table width=\"605\">\n<tbody>\n<tr bgcolor=\"#50B964\">\n<td width=\"113\"><span style=\"color: #000000;\">08:00 \u2013 09:00<\/span><\/td>\n<td width=\"491\"><span style=\"color: #000000;\"><strong>Registration<br \/>\n<\/strong><em>(Building XII. 3<sup>rd<\/sup> floor)<\/em><\/span><span style=\"color: #000000;\"><strong>Optional laboratory visit<\/strong><\/span><\/td>\n<\/tr>\n<tr>\n<td colspan=\"2\" width=\"605\"><span style=\"color: #000000;\"><strong>\u00a0<\/strong><\/span><\/td>\n<\/tr>\n<tr bgcolor=\"#50B964\">\n<td width=\"113\"><span style=\"color: #000000;\">09:00 \u2013 10:30<\/span><\/td>\n<td width=\"491\"><span style=\"color: #000000;\"><strong>\u00a0Plenary Session<br \/>\n<\/strong><em>(Lecture Hall)<\/em><\/span><\/td>\n<\/tr>\n<tr bgcolor=\"#50B964\">\n<td width=\"113\"><span style=\"color: #000000;\">Chair<\/span><\/td>\n<td width=\"491\"><span style=\"color: #000000;\">Dr. Zs\u00f3fia Kert\u00e9sz<\/span><\/td>\n<\/tr>\n<tr>\n<td width=\"113\"><span style=\"color: #000000;\">09:00 \u2013 09:30<\/span><\/td>\n<td width=\"491\"><span style=\"color: #000000;\">Szab\u00f3 Szil\u00e1rd, Szab\u00f3 Gergely, Bertalan L\u00e1szl\u00f3<\/span><\/p>\n<p><span style=\"color: #000000;\"><em>A t\u00e1v\u00e9rz\u00e9kel\u00e9s f\u00f6ldtudom\u00e1nyi alkalmaz\u00e1sai: felm\u00e9r\u00e9sek f\u00f6ld\u00f6n, v\u00edzen, leveg\u0151ben<\/em><\/span><\/td>\n<\/tr>\n<tr>\n<td width=\"113\"><span style=\"color: #000000;\">09:30 \u2013 10:00<\/span><\/td>\n<td width=\"491\"><span style=\"color: #000000;\">Pet\u0151 \u00c1kos, Kov\u00e1cs Gabriella, Sal\u00e1ta D\u00e9nes, Vomberg Frigyes, Lisztes-Szab\u00f3 Zsuzsa, Vicze Magdolna<\/span><\/p>\n<p><span style=\"color: #000000;\"><em>Integr\u00e1lt archaeobotanikai \u00e9s r\u00e9g\u00e9szeti talajtani m\u00f3dszerek a h\u00e1ztart\u00e1s r\u00e9g\u00e9szeti kutat\u00e1s szolg\u00e1lat\u00e1ban<\/em><\/span><\/td>\n<\/tr>\n<tr>\n<td width=\"113\"><span style=\"color: #000000;\">10:00 \u2013 10:30<\/span><\/td>\n<td width=\"491\"><span style=\"color: #000000;\">Varga Gy\u00f6rgy<\/span><\/p>\n<p><span style=\"color: #000000;\"><em>Szaharai porszemcs\u00e9k az \u00e9ghajlatv\u00e1ltoz\u00e1s g\u00e9pezet\u00e9ben<\/em><\/span><\/td>\n<\/tr>\n<tr>\n<td colspan=\"2\" width=\"605\"><span style=\"color: #000000;\"><strong>\u00a0<\/strong><\/span><\/td>\n<\/tr>\n<tr>\n<td width=\"113\"><span style=\"color: #000000;\">10:30 \u2013 10:50<\/span><\/td>\n<td width=\"491\"><span style=\"color: #000000;\"><strong>Coffee break<\/strong><\/span><\/td>\n<\/tr>\n<tr>\n<td colspan=\"2\" width=\"605\"><span style=\"color: #000000;\"><strong>\u00a0<\/strong><\/span><\/td>\n<\/tr>\n<tr bgcolor=\"#50B964\">\n<td width=\"113\"><span style=\"color: #000000;\">10:50 \u2013 12:50<\/span><\/td>\n<td width=\"491\"><span style=\"color: #000000;\"><strong>Ecology Session<br \/>\n<\/strong><\/span><span style=\"color: #000000;\"><em>(Lecture Hall)<\/em><\/span><\/td>\n<\/tr>\n<tr bgcolor=\"#50B964\">\n<td width=\"113\"><span style=\"color: #000000;\">Chair<\/span><\/td>\n<td width=\"491\"><span style=\"color: #000000;\">Dr. Pet\u0151 \u00c1kos<\/span><\/td>\n<\/tr>\n<tr>\n<td width=\"113\"><span style=\"color: #000000;\">10:50 \u2013 11:05<\/span><\/td>\n<td width=\"491\"><span style=\"color: #000000;\">Aszal\u00f3sn\u00e9 Balogh Rebeka, L\u0151k\u00f6s L\u00e1szl\u00f3, Adorj\u00e1n Bal\u00e1zs, Freytag Csongor, M\u00e9sz\u00e1ros Ilona, Ol\u00e1h Viktor, Sz\u0171cs P\u00e9ter, Erzberger Peter, Farkas Edit, Matus G\u00e1bor<\/span><\/p>\n<p><span style=\"color: #000000;\"><em>V\u00e1rosi lapostet\u0151k mint kriptog\u00e1m \u00e9l\u0151helyek<\/em><\/span><\/td>\n<\/tr>\n<tr>\n<td width=\"113\"><span style=\"color: #000000;\">11:05 \u2013 11:20<\/span><\/td>\n<td width=\"491\"><span style=\"color: #000000;\">Ol\u00e1h Viktor, Irfan Muhammad, Garda Tam\u00e1s, M\u00e9sz\u00e1ros Ilona<\/span><\/p>\n<p><span style=\"color: #000000;\"><em>A fajon bel\u00fcli \u00e9s fajok k\u00f6z\u00f6tti kompet\u00edci\u00f3 hat\u00e1sa b\u00e9kalencse-fajok biomassza el\u0151\u00e1ll\u00edt\u00e1s\u00e1ra<\/em><\/span><\/td>\n<\/tr>\n<tr>\n<td width=\"113\"><span style=\"color: #000000;\">11:20 \u2013 11:35<\/span><\/td>\n<td width=\"491\"><span style=\"color: #000000;\">Kov\u00e1cs D\u00f3ra, Sipos Brigitta, Irum Shahzadi, Somlyai Imre, Grigorszky Istv\u00e1n, Berta Csaba<\/span><\/p>\n<p><span style=\"color: #000000;\"><em>Zooplankton taxonok lehets\u00e9ges terjeszt\u00e9se kutat\u00f3k \u00e1ltal<\/em><\/span><\/td>\n<\/tr>\n<tr>\n<td width=\"113\"><span style=\"color: #000000;\">11:35 \u2013 11:50<\/span><\/td>\n<td width=\"491\"><span style=\"color: #000000;\">Varga Tam\u00e1s, Nagy Dominik, Moln\u00e1r Mih\u00e1ly, A.J. Timothy Jull, Fut\u00f3 Istv\u00e1n, Lisztes-Szab\u00f3 Zsuzsa<\/span><\/p>\n<p><span style=\"color: #000000;\"><em>R\u00fcgyek radiokarbon kor\u00e1nak meghat\u00e1roz\u00e1sa<\/em><\/span><\/td>\n<\/tr>\n<tr>\n<td width=\"113\"><span style=\"color: #000000;\">11:50 \u2013 12:05<\/span><\/td>\n<td width=\"491\"><span style=\"color: #000000;\">Aneta Form\u00e1\u010dkov\u00e1, Ladislav Hamerl\u00edk, Lauren\u021biu \u021au\u021buianu, Diana Hanganu, Alfred Vespremeanu-Stroe, Enik\u0151 Magyari<\/span><\/p>\n<p><span style=\"color: #000000;\"><em>Holocene ecological dynamics of Lake B\u00e2lea, Romania: climate reconstruction study (preliminary results)<\/em><\/span><\/td>\n<\/tr>\n<tr>\n<td width=\"113\"><span style=\"color: #000000;\">12:05 \u2013 12:20<\/span><\/td>\n<td width=\"491\"><span style=\"color: #000000;\">Hagy\u00f3 Attila, L\u00f6ki Viktor, Nagy Jen\u0151, Nem\u00e9nyi Zsolt, Nagy Andr\u00e1s, Vit\u00e1l Zolt\u00e1n, Mozs\u00e1r Attila, Luk\u00e1cs Bal\u00e1zs Andr\u00e1s<\/span><\/p>\n<p><span style=\"color: #000000;\"><em>A helyi \u00f6kol\u00f3giai tud\u00e1s alkalmazhat\u00f3s\u00e1ga: horg\u00e1szok a modern kutat\u00e1sokban<\/em><\/span><\/td>\n<\/tr>\n<tr>\n<td width=\"113\"><span style=\"color: #000000;\">12:20 \u2013 12:50<\/span><\/td>\n<td width=\"491\"><span style=\"color: #000000;\">Nem\u00e9nyi Zsolt, Nagy Andr\u00e1s, Hagy\u00f3 Attila, Nagy Jen\u0151, Vit\u00e1l Zolt\u00e1n, Luk\u00e1cs Bal\u00e1zs Andr\u00e1s, L\u00f6ki Viktor<\/span><\/p>\n<p><span style=\"color: #000000;\"><em>Magyar horg\u00e1szok elvesz\u00edtett felszerel\u00e9seinek nyom\u00e1ban szabadid\u0151s m\u00e1gneshorg\u00e1szok k\u00f6z\u00f6ss\u00e9gi m\u00e9dia profiljainak seg\u00edts\u00e9g\u00e9vel<\/em><\/span><\/td>\n<\/tr>\n<tr>\n<td colspan=\"2\" width=\"605\"><span style=\"color: #000000;\"><strong>\u00a0<\/strong><\/span><\/td>\n<\/tr>\n<tr bgcolor=\"#50B964\">\n<td width=\"113\"><span style=\"color: #000000;\">10:50 \u2013 12:50<\/span><\/td>\n<td width=\"491\"><span style=\"color: #000000;\"><strong>Environmental Geography &amp; Geology Session<br \/>\n<\/strong><\/span><span style=\"color: #000000;\"><em>(Visitor Centre)<\/em><\/span><\/td>\n<\/tr>\n<tr bgcolor=\"#50B964\">\n<td width=\"113\"><span style=\"color: #000000;\">Chair<\/span><\/td>\n<td width=\"491\"><span style=\"color: #000000;\">Dr. Zsolt Benk\u00f3<\/span><\/td>\n<\/tr>\n<tr>\n<td width=\"113\"><span style=\"color: #000000;\">10:50 \u2013 11:05<\/span><\/td>\n<td width=\"491\"><span style=\"color: #000000;\">Bal\u00e1zs D\u00e1vid Norbert<\/span><\/p>\n<p><span style=\"color: #000000;\"><em>T\u00e1j\u00f6kol\u00f3giai funkci\u00f3k v\u00e1ltoz\u00e1s\u00e1nak vizsg\u00e1lata Ny\u00edregyh\u00e1za ter\u00fclet\u00e9n<\/em><\/span><\/td>\n<\/tr>\n<tr>\n<td width=\"113\"><span style=\"color: #000000;\">11:05 \u2013 11:20<\/span><\/td>\n<td width=\"491\"><span style=\"color: #000000;\">Dobos Anna, Hegyi P\u00e9ter, Bujtor L\u00e1szl\u00f3 D\u00e1niel, Tolnai Zs\u00f3fia, Hegyi Bal\u00e1zs<\/span><\/p>\n<p><span style=\"color: #000000;\"><em>Verpel\u00e9t jellegzetes talajszelv\u00e9nyeinek le\u00edr\u00e1sa, az are\u00e1lis talajer\u00f3zi\u00f3 m\u00e9rt\u00e9k\u00e9nek kimutat\u00e1sa<\/em><\/span><\/td>\n<\/tr>\n<tr>\n<td width=\"113\"><span style=\"color: #000000;\">11:20 \u2013 11:35<\/span><\/td>\n<td width=\"491\"><span style=\"color: #000000;\">Merkl M\u00e1t\u00e9, Cs\u00fcll\u00f6g G\u00e1bor, Hajd\u00fan\u00e9 Darabos Gabriella, Bede-Fazekas \u00c1kos, Magyari Enik\u0151<\/span><\/p>\n<p><span style=\"color: #000000;\"><em>A r\u00f3mai kori f\u00f6ldtakar\u00f3 rekonstrukci\u00f3ja a Dun\u00e1nt\u00falon (Pann\u00f3nia) pollen-, antrakol\u00f3giai, karpol\u00f3giai \u00e9s GIS-vizsg\u00e1latok seg\u00edts\u00e9g\u00e9vel<\/em><\/span><\/td>\n<\/tr>\n<tr>\n<td width=\"113\"><span style=\"color: #000000;\">11:35 \u2013 11:50<\/span><\/td>\n<td width=\"491\"><span style=\"color: #000000;\">Lama Natour, Viktoria Sug\u00e1r, Attila Talamon, Rita Pongr\u00e1cz<\/span><\/p>\n<p><span style=\"color: #000000;\"><em>Adapting existing to climate change: addressing architectural typology through climatological analysis findings<\/em><\/span><\/td>\n<\/tr>\n<tr>\n<td width=\"113\"><span style=\"color: #000000;\">11:50 \u2013 12:05<\/span><\/td>\n<td width=\"491\"><span style=\"color: #000000;\">B\u00e1nhidai Andr\u00e1s, Val\u00e1nszki Istv\u00e1n<\/span><\/p>\n<p><span style=\"color: #000000;\"><em>T\u00e1jterhelhet\u0151s\u00e9gi \u00e9rt\u00e9kel\u00e9s, mint kulcsm\u00f3dszer a fenntarthat\u00f3 t\u00e1jhaszn\u00e1lat tervez\u00e9s\u00e9hez<\/em><\/span><\/td>\n<\/tr>\n<tr>\n<td width=\"113\"><span style=\"color: #000000;\">12:05 \u2013 12:20<\/span><\/td>\n<td width=\"491\"><span style=\"color: #000000;\">Kert\u00e9sz Gr\u00e9ta Titanilla, T\u00f3th-Hubay Katalin, Bur\u00f3 Botond, A.J. Timothy Jull, Mindszenty Andrea, Sipos Gy\u00f6rgy, Bartyik Tam\u00e1s, Moln\u00e1r Mih\u00e1ly<\/span><\/p>\n<p><span style=\"color: #000000;\"><em>\u00c1rt\u00e9ri \u00fcled\u00e9ksorozat elm\u00falt 40.000 \u00e9ves fejl\u0151d\u00e9st\u00f6rt\u00e9neti vizsg\u00e1lata, <sup>14<\/sup>C<\/em><em> \u00e9s OSL m\u00f3dszerek kor-m\u00e9lys\u00e9g modellben val\u00f3 \u00f6sszevet\u00e9s\u00e9vel<\/em><\/span><\/td>\n<\/tr>\n<tr>\n<td width=\"113\"><span style=\"color: #000000;\">12:20 \u2013 12:50<\/span><\/td>\n<td width=\"491\"><span style=\"color: #000000;\">Sz\u00e1sz No\u00e9mi, Kolencsikn\u00e9 Dr. T\u00f3th Andrea<\/span><\/p>\n<p><span style=\"color: #000000;\"><em>Szennyezett agyagos talajok konzisztenciahat\u00e1r\u00e1nak \u00f6sszehasonl\u00edt\u00f3 vizsg\u00e1lata<\/em><\/span><\/td>\n<\/tr>\n<tr>\n<td colspan=\"2\" width=\"605\"><span style=\"color: #000000;\"><strong>\u00a0<\/strong><\/span><\/td>\n<\/tr>\n<tr>\n<td width=\"113\"><span style=\"color: #000000;\">12:45 \u2013 14:00<\/span><\/td>\n<td width=\"491\"><span style=\"color: #000000;\"><strong>Lunch break<br \/>\n<\/strong><em>(Building VIII.)<\/em><\/span><\/td>\n<\/tr>\n<tr>\n<td colspan=\"2\" width=\"605\"><span style=\"color: #000000;\"><strong>\u00a0<\/strong><\/span><\/td>\n<\/tr>\n<tr bgcolor=\"#50B964\">\n<td width=\"113\"><span style=\"color: #000000;\">14:00 \u2013 14:30<\/span><\/td>\n<td width=\"491\"><span style=\"color: #000000;\"><strong>Poster <\/strong><strong>Session<br \/>\n<\/strong><em>(Lecture Hall)<\/em><\/span><\/td>\n<\/tr>\n<tr bgcolor=\"#50B964\">\n<td width=\"113\"><span style=\"color: #000000;\">Chair<\/span><\/td>\n<td width=\"491\"><span style=\"color: #000000;\">Dr. Istv\u00e1n Csige<\/span><\/td>\n<\/tr>\n<tr>\n<td colspan=\"2\" width=\"605\"><span style=\"color: #000000;\"><strong>\u00a0<\/strong><\/span><\/td>\n<\/tr>\n<tr>\n<td width=\"113\"><span style=\"color: #000000;\">15:00 \u2013 16:00<\/span><\/p>\n<p><span style=\"color: #000000;\"><strong>\u00a0<\/strong><\/span><\/td>\n<td width=\"491\"><span style=\"color: #000000;\">Vezetett s\u00e9ta: Reform\u00e1tus Koll\u00e9gium \/ Daily excursion: Reformed College<\/span><\/td>\n<\/tr>\n<tr>\n<td width=\"113\"><span style=\"color: #000000;\">16:05 \u2013 17:45<\/span><\/p>\n<p><span style=\"color: #000000;\"><strong>\u00a0<\/strong><\/span><\/td>\n<td width=\"491\"><span style=\"color: #000000;\">Vezetett s\u00e9ta: Nagytemplom \/ Daily excursion: Reformed Great Church<\/span><\/td>\n<\/tr>\n<tr>\n<td width=\"113\"><span style=\"color: #000000;\">19:00 \u2013<\/span><\/p>\n<p>&nbsp;<\/td>\n<td width=\"491\"><span style=\"color: #000000;\"><strong>Gala Dinner<br \/>\n<\/strong><em>(Reformed College)<\/em><\/span><\/td>\n<\/tr>\n<\/tbody>\n<\/table>\n<p>[\/vc_column_text][\/vc_column][\/vc_row][vc_row][vc_column width=&#8221;1\/3&#8243;][vc_btn title=&#8221;BACK to for daily programs&#8221; style=&#8221;outline-custom&#8221; outline_custom_color=&#8221;#000000&#8243; outline_custom_hover_background=&#8221;#50b964&#8243; outline_custom_hover_text=&#8221;#ffffff&#8221; shape=&#8221;round&#8221; link=&#8221;url:https%3A%2F%2Fkmktk2024.atomki.hu%2Fen%2Fprogramme-thursday-4th-april%2F&#8221;][\/vc_column][vc_column width=&#8221;1\/3&#8243;][\/vc_column][vc_column width=&#8221;1\/3&#8243;][\/vc_column][\/vc_row]<\/p>\n<\/div>","protected":false},"excerpt":{"rendered":"<p>[vc_row][vc_column][vc_custom_heading source=&#8221;post_title&#8221; font_container=&#8221;tag:h3|text_align:left&#8221; use_theme_fonts=&#8221;yes&#8221;][vc_text_separator title=&#8221;19th CARPATHIAN BASIN CONFERENCE FOR ENVIRONMENTAL SCIENCES&#8221; title_align=&#8221;separator_align_left&#8221; color=&#8221;custom&#8221; style=&#8221;dotted&#8221; border_width=&#8221;2&#8243; css_animation=&#8221;right-to-left&#8221; accent_color=&#8221;#50b964&#8243;][\/vc_column][\/vc_row][vc_row][vc_column][vc_column_text] 08:00 \u2013 09:00 Registration (Building XII. 3rd floor)Optional laboratory<span class=\"excerpt-hellip\"> [\u2026]<\/span><\/p>\n","protected":false},"author":1,"featured_media":0,"parent":0,"menu_order":0,"comment_status":"closed","ping_status":"closed","template":"","meta":{"inline_featured_image":false,"footnotes":""},"class_list":["post-539","page","type-page","status-publish","hentry"],"_links":{"self":[{"href":"https:\/\/kmktk2024.atomki.hu\/en\/wp-json\/wp\/v2\/pages\/539","targetHints":{"allow":["GET"]}}],"collection":[{"href":"https:\/\/kmktk2024.atomki.hu\/en\/wp-json\/wp\/v2\/pages"}],"about":[{"href":"https:\/\/kmktk2024.atomki.hu\/en\/wp-json\/wp\/v2\/types\/page"}],"author":[{"embeddable":true,"href":"https:\/\/kmktk2024.atomki.hu\/en\/wp-json\/wp\/v2\/users\/1"}],"replies":[{"embeddable":true,"href":"https:\/\/kmktk2024.atomki.hu\/en\/wp-json\/wp\/v2\/comments?post=539"}],"version-history":[{"count":7,"href":"https:\/\/kmktk2024.atomki.hu\/en\/wp-json\/wp\/v2\/pages\/539\/revisions"}],"predecessor-version":[{"id":572,"href":"https:\/\/kmktk2024.atomki.hu\/en\/wp-json\/wp\/v2\/pages\/539\/revisions\/572"}],"wp:attachment":[{"href":"https:\/\/kmktk2024.atomki.hu\/en\/wp-json\/wp\/v2\/media?parent=539"}],"curies":[{"name":"wp","href":"https:\/\/api.w.org\/{rel}","templated":true}]}}