{"id":531,"date":"2024-03-26T17:07:33","date_gmt":"2024-03-26T17:07:33","guid":{"rendered":"https:\/\/kmktk2024.atomki.hu\/reszletes-program-szerda-aprilis-03\/"},"modified":"2024-04-02T15:12:24","modified_gmt":"2024-04-02T15:12:24","slug":"detailed-programme-wednesday-3-th-april","status":"publish","type":"page","link":"https:\/\/kmktk2024.atomki.hu\/en\/detailed-programme-wednesday-3-th-april\/","title":{"rendered":"Detailed programme \u2013 Wednesday, 3<sup>rd<\/sup> April"},"content":{"rendered":"<div class=\"wpb-content-wrapper\"><p>[vc_row][vc_column][vc_custom_heading source=&#8221;post_title&#8221; font_container=&#8221;tag:h3|text_align:left&#8221; use_theme_fonts=&#8221;yes&#8221;][vc_text_separator title=&#8221;19<sup>th<\/sup> CARPATHIAN BASIN CONFERENCE FOR ENVIRONMENTAL SCIENCES&#8221; title_align=&#8221;separator_align_left&#8221; color=&#8221;custom&#8221; style=&#8221;dotted&#8221; border_width=&#8221;2&#8243; css_animation=&#8221;right-to-left&#8221; accent_color=&#8221;#50b964&#8243;][\/vc_column][\/vc_row][vc_row][vc_column][vc_column_text]<\/p>\n<table width=\"605\">\n<tbody>\n<tr bgcolor=\"#50B964\">\n<td width=\"113\"><span style=\"color: #000000;\">08:00 \u2013 09:45<\/span><\/td>\n<td colspan=\"2\" width=\"491\"><span style=\"color: #000000;\"><strong>Registration<br \/>\n<\/strong><em>(Building XII. 3<sup>rd<\/sup> floor)<\/em><\/span><\/td>\n<\/tr>\n<tr bgcolor=\"#50B964\">\n<td width=\"113\"><span style=\"color: #000000;\">09:45 \u2013 10:00<\/span><\/td>\n<td colspan=\"2\" width=\"491\"><span style=\"color: #000000;\"><strong>Opening Ceremony<br \/>\n<\/strong><\/span><span style=\"color: #000000;\"><em>(Lecture Hall)<\/em><\/span><span style=\"color: #000000;\">Dr. Mih\u00e1ly Moln\u00e1r, president of the conference<\/span><span style=\"color: #000000;\">Dr. Zsolt Dombr\u00e1di, director of HUN-REN Institute for Nuclear Research<\/span><\/td>\n<\/tr>\n<tr bgcolor=\"#50B964\">\n<td width=\"113\"><span style=\"color: #000000;\">10:00 \u2013 11:00<\/span><\/td>\n<td colspan=\"2\" width=\"491\"><span style=\"color: #000000;\"><strong>Plenary Session<br \/>\n<\/strong><\/span><span style=\"color: #000000;\"><em>(Lecture Hall)<\/em><\/span><\/td>\n<\/tr>\n<tr bgcolor=\"#50B964\">\n<td width=\"113\"><span style=\"color: #000000;\">Chair<\/span><\/td>\n<td colspan=\"2\" width=\"491\"><span style=\"color: #000000;\">Dr. Mih\u00e1ly Moln\u00e1r\u00a0<\/span><\/td>\n<\/tr>\n<tr>\n<td width=\"113\"><span style=\"color: #000000;\">10:00 \u2013 10:30<\/span><\/td>\n<td colspan=\"2\" width=\"491\"><span style=\"color: #000000;\">A.J. Timothy Jull, Irina Panyushkina, Mih\u00e1ly Moln\u00e1r, Tamas Varga, Valerie Livina, Li Cheng, Chris Baisan, Vladymir Myglan, Igor Sljusarenko, Gregory C. Wiles, Nicholas Wiesenberg, Fusa Miyake<\/span><\/p>\n<p><span style=\"color: #000000;\">In situ cosmogenic nuclide dating: Basics, examples and possible applications to the Carpathians<\/span><\/td>\n<\/tr>\n<tr>\n<td width=\"113\"><span style=\"color: #000000;\">10:30 \u2013 11:00<\/span><\/td>\n<td colspan=\"2\" width=\"491\"><span style=\"color: #000000;\">Haszpra L\u00e1szl\u00f3:<\/span><\/p>\n<p><span style=\"color: #000000;\">A magyarorsz\u00e1gi l\u00e9gk\u00f6ri sz\u00e9n-dioxid m\u00e9r\u00e9sek n\u00e9gy \u00e9vtizede<\/span><\/td>\n<\/tr>\n<tr>\n<td colspan=\"3\" width=\"605\"><span style=\"color: #000000;\"><strong>\u00a0<\/strong><\/span><\/td>\n<\/tr>\n<tr>\n<td width=\"113\"><span style=\"color: #000000;\">11:00 \u2013 11:20<\/span><\/td>\n<td colspan=\"2\" width=\"491\"><span style=\"color: #000000;\"><strong>Coffee break<\/strong><\/span><\/td>\n<\/tr>\n<tr>\n<td colspan=\"3\" width=\"605\"><span style=\"color: #000000;\"><strong>\u00a0<\/strong><\/span><\/td>\n<\/tr>\n<tr bgcolor=\"#50B964\">\n<td width=\"113\"><span style=\"color: #000000;\">11:20 \u2013 12:50<\/span><\/td>\n<td colspan=\"2\" width=\"491\"><span style=\"color: #000000;\"><strong>Environmental Physics Session<br \/>\n<\/strong><\/span><span style=\"color: #000000;\"><em>(Lecture Hall)<\/em><\/span><\/td>\n<\/tr>\n<tr bgcolor=\"#50B964\">\n<td width=\"113\"><span style=\"color: #000000;\">Chair<\/span><\/td>\n<td colspan=\"2\" width=\"491\"><span style=\"color: #000000;\">Dr. L\u00e1szl\u00f3 Haszpra<\/span><\/td>\n<\/tr>\n<tr>\n<td width=\"113\"><span style=\"color: #000000;\">11:20 \u2013 11:35<\/span><\/td>\n<td colspan=\"2\" width=\"491\"><span style=\"color: #000000;\">Andrzej Rakowski, Jacek Pawlyta, Hiroko Miyahara, Marek Kr\u0105piec, Mihaly Molnar, Damian Wiktorowski, Masayo Minami<\/span><\/p>\n<p><span style=\"color: #000000;\"><em>Absolute dating using rapid <sup>14<\/sup>C changes in annual tree rings<\/em><\/span><\/td>\n<\/tr>\n<tr>\n<td width=\"113\"><span style=\"color: #000000;\">11:35 \u2013 11:50<\/span><\/td>\n<td colspan=\"2\" width=\"491\"><span style=\"color: #000000;\">Major Istv\u00e1n, Szigeti Anna, Fut\u00f3 Istv\u00e1n<\/span><\/p>\n<p><span style=\"color: #000000;\"><em>Csontok sz\u00e9n \u00e9s nitrog\u00e9n stabilizot\u00f3pjainak alkalmaz\u00e1si lehet\u0151s\u00e9gei paleok\u00f6rnyezet rekonstrukci\u00f3s kutat\u00e1sokban<\/em><\/span><\/td>\n<\/tr>\n<tr>\n<td width=\"113\"><span style=\"color: #000000;\">11:50 \u2013 12:05<\/span><\/td>\n<td colspan=\"2\" width=\"491\"><span style=\"color: #000000;\">Horv\u00e1th Krisztina, Ferenczi Zita, M\u00e9sz\u00e1ros R\u00f3bert<\/span><\/p>\n<p><span style=\"color: #000000;\"><em>A CHIMERE modell eredm\u00e9nyeinek \u00f6sszehasonl\u00edt\u00e1sa a Copernicus Atmosphere Monitoring Service (CAMS) modellcsal\u00e1d eredm\u00e9nyeivel l\u00e9gszennyez\u00e9si epiz\u00f3d helyzetekben, magyarorsz\u00e1gi v\u00e1rosokban<\/em><\/span><\/td>\n<\/tr>\n<tr>\n<td width=\"113\"><span style=\"color: #000000;\">12:05 \u2013 12:20<\/span><\/td>\n<td colspan=\"2\" width=\"491\"><span style=\"color: #000000;\">Kert\u00e9sz Zs\u00f3fia, Shafa Aljboor, Angyal Anik\u00f3, Papp Enik\u0151, B\u00e1n S\u00e1ndor, Furu Enik\u0151, Szarka M\u00e1t\u00e9, Szikszai Zita<\/span><\/p>\n<p><span style=\"color: #000000;\"><em>A leveg\u0151min\u0151s\u00e9g alakul\u00e1sa a COVID-19 lez\u00e1r\u00e1sok alatt Debrecenben<\/em><\/span><\/td>\n<\/tr>\n<tr>\n<td width=\"113\"><span style=\"color: #000000;\">12:20 \u2013 12:35<\/span><\/td>\n<td colspan=\"2\" width=\"491\"><span style=\"color: #000000;\">Bar\u00e1th Bal\u00e1zs \u00c1ron, Varga Tama\u0301s, Major Istva\u0301n, Vargas Danny, Haszpra La\u0301szlo\u0301, Molna\u0301r Miha\u0301ly<\/span><\/p>\n<p><span style=\"color: #000000;\"><em>A COVID-19 pand\u00e9mia korl\u00e1toz\u00f3 int\u00e9zked\u00e9seinek hat\u00e1sa Magyarorsz\u00e1g l\u00e9gko\u0308ri sz\u00e9n-dioxid \u00e9s fosszilis sz\u00e9n tartalm\u00e1ra<\/em><\/span><\/td>\n<\/tr>\n<tr>\n<td colspan=\"3\" width=\"605\">&nbsp;<\/p>\n<p>&nbsp;<\/p>\n<p><span style=\"color: #000000;\"><strong>\u00a0<\/strong><\/span><\/td>\n<\/tr>\n<tr bgcolor=\"#50B964\">\n<td width=\"113\"><span style=\"color: #000000;\">11:20 \u2013 12:50<\/span><\/td>\n<td colspan=\"2\" width=\"491\"><span style=\"color: #000000;\"><strong>Waste-management Session<br \/>\n<\/strong><\/span><span style=\"color: #000000;\"><em>(Visitor Centre)<\/em><\/span><\/td>\n<\/tr>\n<tr bgcolor=\"#50B964\">\n<td width=\"113\"><span style=\"color: #000000;\">Chair<\/span><\/td>\n<td colspan=\"2\" width=\"491\"><span style=\"color: #000000;\">Dr. Szil\u00e1rd Poszet\u00a0<\/span><\/td>\n<\/tr>\n<tr>\n<td width=\"113\"><span style=\"color: #000000;\">11:20 \u2013 11:35<\/span><\/td>\n<td colspan=\"2\" width=\"491\"><span style=\"color: #000000;\">Fabula Dominik M\u00e1t\u00e9, Angyal Zsuzsanna<\/span><\/p>\n<p><span style=\"color: #000000;\"><em>Hullad\u00e9kb\u00f3l hasznosat, A k\u00f6rforg\u00e1sos gazdas\u00e1g t\u00e9m\u00e1j\u00e1nak feldolgoz\u00e1sa az iskol\u00e1ban ruh\u00e1k \u00fajrahasznos\u00edt\u00e1s\u00e1nak seg\u00edts\u00e9g\u00e9vel<\/em><\/span><\/td>\n<\/tr>\n<tr>\n<td width=\"113\"><span style=\"color: #000000;\">11:35 \u2013 11:50<\/span><\/td>\n<td colspan=\"2\" width=\"491\"><span style=\"color: #000000;\">Nagy-Mezei Csenge, Gyarmati Imre, Bezsenyi Anik\u00f3, Kardos Levente<\/span><\/p>\n<p><span style=\"color: #000000;\"><em>Kommun\u00e1lis szennyv\u00edz \u00e9s szennyv\u00edziszap gy\u00f3gyszerhat\u00f3anyag-tartalm\u00e1nak hat\u00e1sa a mez\u0151gazdas\u00e1gi hasznos\u00edthat\u00f3s\u00e1gra<\/em><\/span><\/td>\n<\/tr>\n<tr>\n<td width=\"113\"><span style=\"color: #000000;\">11:50 \u2013 12:05<\/span><\/td>\n<td colspan=\"2\" width=\"491\"><span style=\"color: #000000;\">F\u00f3ris Ildik\u00f3, Nagy S\u00e1ndor<\/span><\/p>\n<p><span style=\"color: #000000;\"><em>G\u00e9pj\u00e1rm\u0171 vez\u00e9rl\u0151egys\u00e9gek \u00e9s \u00fajrahasznos\u00edt\u00e1si lehet\u0151s\u00e9geik<\/em><\/span><\/td>\n<\/tr>\n<tr>\n<td width=\"113\"><span style=\"color: #000000;\">12:05 \u2013 12:20<\/span><\/td>\n<td colspan=\"2\" width=\"491\"><span style=\"color: #000000;\">Kov\u00e1cs Fl\u00f3ri\u00e1n, Papdi Enik\u0151, Veres Andrea, Szeg\u0151 Anita, Juhos Katalin<\/span><\/p>\n<p><span style=\"color: #000000;\"><em>Gyapj\u00fahullad\u00e9k alkalmaz\u00e1sa a kert\u00e9szetben \u00e9s a talajer\u0151-gazd\u00e1lkod\u00e1sban<\/em><\/span><\/td>\n<\/tr>\n<tr>\n<td width=\"113\"><span style=\"color: #000000;\">12:20 \u2013 12:35<\/span><\/td>\n<td colspan=\"2\" width=\"491\"><span style=\"color: #000000;\">Dina Bibi, Daniela Guti\u00e9rrez, B\u00e9la T\u00f3th M\u00e9r\u00e9sz, Edina Simon<\/span><\/p>\n<p><span style=\"color: #000000;\"><em>Pollution assessment using soil and plant leaves in Faisalabad, Pakistan<\/em><\/span><\/td>\n<\/tr>\n<tr>\n<td colspan=\"3\" width=\"605\"><span style=\"color: #000000;\"><strong>\u00a0<\/strong><\/span><\/td>\n<\/tr>\n<tr>\n<td width=\"113\"><span style=\"color: #000000;\">12:45 \u2013 14:00<\/span><\/td>\n<td colspan=\"2\" width=\"491\"><span style=\"color: #000000;\"><strong>Lunch break<\/strong> <em>(Building VIII.)<\/em><\/span><\/td>\n<\/tr>\n<tr>\n<td colspan=\"3\" width=\"605\"><span style=\"color: #000000;\"><strong>\u00a0<\/strong><\/span><\/td>\n<\/tr>\n<tr bgcolor=\"#50B964\">\n<td width=\"113\"><span style=\"color: #000000;\">14:00 \u2013 15:30<\/span><\/td>\n<td colspan=\"2\" width=\"491\"><span style=\"color: #000000;\"><strong>Agriculture and Environment Session<br \/>\n<\/strong><\/span><span style=\"color: #000000;\"><em>(Lecture Hall)<\/em><\/span><\/td>\n<\/tr>\n<tr bgcolor=\"#50B964\">\n<td width=\"113\"><span style=\"color: #000000;\">Chair<\/span><\/td>\n<td colspan=\"2\" width=\"491\"><span style=\"color: #000000;\">Dr. Ildik\u00f3 M\u00f3csy<\/span><\/td>\n<\/tr>\n<tr>\n<td width=\"113\"><span style=\"color: #000000;\">14:00 \u2013 14:15<\/span><\/td>\n<td colspan=\"2\" width=\"491\"><span style=\"color: #000000;\">Pep\u00f3 P\u00e1l<\/span><\/p>\n<p><span style=\"color: #000000;\"><em>Role of genetic modification in environment protection<\/em><\/span><\/td>\n<\/tr>\n<tr>\n<td width=\"113\"><span style=\"color: #000000;\">14:15 \u2013 14:30<\/span><\/td>\n<td colspan=\"2\" width=\"491\"><span style=\"color: #000000;\">Gorliczay Edit, Montvai Korn\u00e9lia, Szab\u00f3 Andr\u00e1s, Tam\u00e1s J\u00e1nos, Nagy Attila<\/span><\/p>\n<p><span style=\"color: #000000;\"><em>Rukkola (Eruca Vesicaria Subsp. Sativa) termeszt\u00e9se aerop\u00f3nikus k\u00f6r\u00fclm\u00e9nyek k\u00f6z\u00f6tt<\/em><\/span><\/td>\n<\/tr>\n<tr>\n<td width=\"113\"><span style=\"color: #000000;\">14:30 \u2013 14:45<\/span><\/td>\n<td colspan=\"2\" width=\"491\"><span style=\"color: #000000;\">Prettl N\u00e1ndor, Bir\u00f3 Borb\u00e1la, Nugroho Priyo Adi, Kotrocz\u00f3 Zsolt, Kabalan Sundoss, Kov\u00e1cs Fl\u00f3ri\u00e1n, Juhos Katalin<\/span><\/p>\n<p><span style=\"color: #000000;\"><em>Bakt\u00e9riumokat \u00e9s mikorrhiza gomb\u00e1kat tartalmaz\u00f3 talajolt\u00f3anyagok hat\u00e1sa a kukorica \u00e9s az \u0151szi b\u00faza fejl\u0151d\u00e9s\u00e9re h\u00e1rom\u00e9ves szabadf\u00f6ldi k\u00eds\u00e9rletben<\/em><\/span><\/td>\n<\/tr>\n<tr>\n<td width=\"113\"><span style=\"color: #000000;\">14:45 \u2013 15:00<\/span><\/td>\n<td colspan=\"2\" width=\"491\"><span style=\"color: #000000;\">Papdi Enik\u0151, Kov\u00e1cs Fl\u00f3ri\u00e1n, Juhos Katalin, Kotrocz\u00f3 Zsolt<\/span><\/p>\n<p><span style=\"color: #000000;\"><em>K\u00fcl\u00f6nb\u00f6z\u0151 talajer\u0151gazd\u00e1lkod\u00e1si technik\u00e1k \u00f6sszehasonl\u00edt\u00e1sa a fenntarthat\u00f3 kert\u00e9szeti termeszt\u00e9sben<\/em><\/span><\/td>\n<\/tr>\n<tr>\n<td width=\"113\"><span style=\"color: #000000;\">15:00 \u2013 15:15<\/span><\/td>\n<td colspan=\"2\" width=\"491\"><span style=\"color: #000000;\">So\u00f3s Anna, Sz\u00fcnstein M\u00e1t\u00e9, Kalocsai N\u00f3ra, Horv\u00e1th Gy\u0151z\u0151<\/span><\/p>\n<p><span style=\"color: #000000;\"><em>Kiseml\u0151s k\u00f6z\u00f6ss\u00e9gek v\u00e1ltoz\u00e1sa intenz\u00edv m\u0171vel\u00e9s\u0171 monokult\u00far\u00e1kban<\/em><\/span><\/td>\n<\/tr>\n<tr>\n<td width=\"113\"><span style=\"color: #000000;\">15:15 \u2013 15:30<\/span><\/td>\n<td colspan=\"2\" width=\"491\"><span style=\"color: #000000;\">Maurer M\u00e1t\u00e9, M\u00e1rkus Rita, Stranczinger Szilvia, Szemethy L\u00e1szl\u00f3<\/span><\/p>\n<p><span style=\"color: #000000;\"><em>Eur\u00f3pai \u0151z \u00e9s mezei ny\u00fal t\u00e1pl\u00e1l\u00e9k-\u00f6sszet\u00e9tel\u00e9nek \u00f6sszehasonl\u00edt\u00e1sa, mez\u0151gazdas\u00e1gi ter\u00fcletr\u0151l sz\u00e1rmaz\u00f3 mint\u00e1k alpj\u00e1n<\/em><\/span><\/td>\n<\/tr>\n<tr>\n<td colspan=\"3\" width=\"605\"><span style=\"color: #000000;\"><strong>\u00a0<\/strong><\/span><\/td>\n<\/tr>\n<tr bgcolor=\"#50B964\">\n<td width=\"113\"><span style=\"color: #000000;\">14:00 \u2013 15:30<\/span><\/td>\n<td colspan=\"2\" width=\"491\"><span style=\"color: #000000;\"><strong>Environmental Chemistry Session<br \/>\n<\/strong><\/span><span style=\"color: #000000;\"><em>(Visitor Centre)<\/em><\/span><\/td>\n<\/tr>\n<tr bgcolor=\"#50B964\">\n<td width=\"113\"><span style=\"color: #000000;\">Chair<\/span><\/td>\n<td colspan=\"2\" width=\"491\"><span style=\"color: #000000;\">Dr. A.J. Timothy Jull<\/span><\/td>\n<\/tr>\n<tr>\n<td width=\"113\"><span style=\"color: #000000;\">14:00 \u2013 14:15<\/span><\/td>\n<td colspan=\"2\" width=\"491\"><span style=\"color: #000000;\">Baranyai Edina, \u00c1gota Zs\u00f3fia Ragy\u00e1k, Tam\u00e1s Varga, Zita Gajdos, A.J. Timothy Jull, Zsuzsa Lisztes-Szab\u00f3, Mih\u00e1ly Moln\u00e1r, G\u00e1bor Bell\u00e9r, Zs\u00f3fi Sajtos<\/span><\/p>\n<p><span style=\"color: #000000;\"><em>Elemental analysis of old Hungarian honey samples coupled with radiocarbon based age determination<\/em><\/span><\/td>\n<\/tr>\n<tr>\n<td width=\"113\"><span style=\"color: #000000;\">14:15 \u2013 14:30<\/span><\/td>\n<td colspan=\"2\" width=\"491\"><span style=\"color: #000000;\">Cz\u00e9bely Andrea, T\u00fari Marianna, Kiss Di\u00e1na, \u00dajv\u00e1ri G\u00e1bor, Kert\u00e9sz Titanilla, Angyal Anik\u00f3, D\u00f6ncz\u0151 Bogl\u00e1rka, Rinyu L\u00e1szl\u00f3<\/span><\/p>\n<p><span style=\"color: #000000;\"><em>Effects of different sample preparation methods on clumped isotope values of secondary soil carbonates<\/em><\/span><\/td>\n<\/tr>\n<tr>\n<td width=\"113\"><span style=\"color: #000000;\">14:30 \u2013 14:45<\/span><\/td>\n<td colspan=\"2\" width=\"491\"><span style=\"color: #000000;\">Jol\u00e1nkai Zsolt, Kardos M. K., Decsi B., Kozma Zs., Deak J., Clement A.<\/span><\/p>\n<p><span style=\"color: #000000;\"><em>Tracking nitrogen load patterns in a meso-scale hilly watershed by surface and subsurface water monitoring of nitrogen, radiocarbon, stable isotopes and tritium<\/em><\/span><\/td>\n<\/tr>\n<tr>\n<td width=\"113\"><span style=\"color: #000000;\">14:45 \u2013 15:00<\/span><\/td>\n<td colspan=\"2\" width=\"491\"><span style=\"color: #000000;\">Lara R\u00fabia Borges Silva, Gy\u00f6rgy Fekete, Zsolt Varga, L\u00e1szl\u00f3 Aleksza, Levente Kardos<\/span><\/p>\n<p><span style=\"color: #000000;\"><em>Sustainable remediation and valorization of p\u00e1linka spent wash: overcoming environmental challenges through composting in Hungary<\/em><\/span><\/td>\n<\/tr>\n<tr>\n<td width=\"113\"><span style=\"color: #000000;\">15:00 \u2013 15:15<\/span><\/td>\n<td colspan=\"2\" width=\"491\"><span style=\"color: #000000;\">Chen Haimei, Szab\u00f3 Veronika, Kardos Levente<\/span><\/p>\n<p><span style=\"color: #000000;\"><em>Evaluating the chemical properties of fine particulate matter accumulation on woody plants in Budapest<\/em><\/span><\/td>\n<\/tr>\n<tr>\n<td width=\"113\"><span style=\"color: #000000;\">15:15 \u2013 15:30<\/span><\/td>\n<td colspan=\"2\" width=\"491\"><span style=\"color: #000000;\">Mona Maghsoudlou, Davaakhuu Tserendorj, Gorkhmaz Abbaszade, Nelson Salazar-Yanez, P\u00e9ter V\u00f6lgyesi, Csaba Szab\u00f3<\/span><\/p>\n<p><span style=\"color: #000000;\"><em>Variations in morphology and chemical composition of particles selected from two-layered attic dust samples collected from \u00d3zd, a former industrial city in Hungary<\/em><\/span><\/td>\n<\/tr>\n<tr>\n<td colspan=\"3\" width=\"605\"><span style=\"color: #000000;\"><strong>\u00a0<\/strong><\/span><\/td>\n<\/tr>\n<tr>\n<td width=\"113\"><span style=\"color: #000000;\">15:30 \u2013 15:50<\/span><\/td>\n<td colspan=\"2\" width=\"491\"><span style=\"color: #000000;\"><strong>Coffee break<\/strong><\/span><\/td>\n<\/tr>\n<tr>\n<td colspan=\"3\" width=\"605\"><span style=\"color: #000000;\"><strong>\u00a0<\/strong><\/span><\/td>\n<\/tr>\n<tr bgcolor=\"#50B964\">\n<td width=\"113\"><span style=\"color: #000000;\">15:45 \u2013 17:00<\/span><\/td>\n<td colspan=\"2\" width=\"491\"><span style=\"color: #000000;\"><strong>Agriculture and Environment Session<\/strong> <em>(Lecture Hall)<\/em><\/span><\/td>\n<\/tr>\n<tr bgcolor=\"#50B964\">\n<td width=\"113\"><span style=\"color: #000000;\">Chair<\/span><\/td>\n<td width=\"189\"><span style=\"color: #000000;\">Dr. \u00c1d\u00e1m Kiss<\/span><\/td>\n<td width=\"302\"><\/td>\n<\/tr>\n<tr>\n<td width=\"113\"><span style=\"color: #000000;\">15:50 \u2013 16:05<\/span><\/td>\n<td colspan=\"2\" width=\"491\"><span style=\"color: #000000;\">Balling P\u00e9ter, K\u00e1llai Zolt\u00e1n, Kov\u00e1cs Tibor, Kneip Antal, Moln\u00e1r P\u00e9ter, Varga Laura<\/span><\/p>\n<p><span style=\"color: #000000;\"><em>Az asz\u00e1ly stressz hat\u00e1sa a furmint kl\u00f3nokra<\/em><\/span><\/td>\n<\/tr>\n<tr>\n<td width=\"113\"><span style=\"color: #000000;\">16:05 \u2013 16:20<\/span><\/td>\n<td colspan=\"2\" width=\"491\"><span style=\"color: #000000;\">Irfan Muhammad, Sofia Margherita Coppolaro, Szab\u00f3 Zsuzsanna Barn\u00e1n\u00e9, M\u00e9sz\u00e1ros Ilona, Ol\u00e1h Viktor<\/span><\/p>\n<p><span style=\"color: #000000;\"><em>Effect of different light, temperature and salinity gradients on the growth responses of native European and introduced duckweed species<\/em><\/span><\/td>\n<\/tr>\n<tr>\n<td width=\"113\"><span style=\"color: #000000;\">16:20 \u2013 16:35<\/span><\/td>\n<td colspan=\"2\" width=\"491\"><span style=\"color: #000000;\">Nxumalo Gift Siphiwe, Tam\u00e1s Magyar, Zsolt Zolt\u00e1n Feh\u00e9r, J\u00e1nos Tam\u00e1s, Attila Nagy<\/span><\/p>\n<p><span style=\"color: #000000;\"><em>Modelling soil water balance to plan maize irrigation for optimized water use<\/em><\/span><\/td>\n<\/tr>\n<tr>\n<td width=\"113\"><span style=\"color: #000000;\">16:35 \u2013 16:50<\/span><\/td>\n<td colspan=\"2\" width=\"491\"><span style=\"color: #000000;\">Salsabil Othman, Zsuzsanna Varga, Zsolt Kotrocz\u00f3<\/span><\/p>\n<p><span style=\"color: #000000;\"><em>Evaluation of soil biology and soil properties in different viticultural techniques<\/em><\/span><\/td>\n<\/tr>\n<tr>\n<td colspan=\"3\" width=\"605\"><span style=\"color: #000000;\"><strong>\u00a0<\/strong><\/span><\/td>\n<\/tr>\n<tr bgcolor=\"#50B964\">\n<td width=\"113\"><span style=\"color: #000000;\">15:45 \u2013 17:00<\/span><\/td>\n<td colspan=\"2\" width=\"491\"><span style=\"color: #000000;\"><strong>Environmental Geography &amp; Geology Session<\/strong><\/span><\/p>\n<p><span style=\"color: #000000;\"><em>(Visitor Centre)<\/em><\/span><\/td>\n<\/tr>\n<tr bgcolor=\"#50B964\">\n<td width=\"113\"><span style=\"color: #000000;\">Chair<\/span><\/td>\n<td colspan=\"2\" width=\"491\"><span style=\"color: #000000;\">Dr. Tibor Nov\u00e1k<\/span><\/td>\n<\/tr>\n<tr>\n<td width=\"113\"><span style=\"color: #000000;\">15:50 \u2013 16:05<\/span><\/td>\n<td colspan=\"2\" width=\"491\"><span style=\"color: #000000;\">Sirine Trabelsi, Kolencsikn\u00e9 T\u00f3th Andrea<\/span><\/p>\n<p><span style=\"color: #000000;\"><em>Copmparative study of compaction behavior of clean and contaminated clayey soil<\/em><\/span><\/td>\n<\/tr>\n<tr>\n<td width=\"113\"><span style=\"color: #000000;\">16:05 \u2013 16:20<\/span><\/td>\n<td colspan=\"2\" width=\"491\"><span style=\"color: #000000;\">FX Anjar Tri Laksono, J\u00e1nos Kov\u00e1cs, Laura Borzi, Agata Di Stefano<\/span><\/p>\n<p><span style=\"color: #000000;\"><em>Numerical modeling of the 28 December 1908 tsunami waves water level in the nearshore of southern Sicily, Italy<\/em><\/span><\/td>\n<\/tr>\n<tr>\n<td width=\"113\"><span style=\"color: #000000;\">16:20 \u2013 16:35<\/span><\/td>\n<td colspan=\"2\" width=\"491\"><span style=\"color: #000000;\">Fatemeh Nooshin Nokhandan, Kaveh Ghahraman, Erzs\u00e9bet Horv\u00e1th<\/span><\/p>\n<p><span style=\"color: #000000;\"><em>Application of remote sensing and machine learning for soil erosion susceptibility mapping (a case study in Hungary)<\/em><\/span><\/td>\n<\/tr>\n<tr>\n<td width=\"113\"><span style=\"color: #000000;\">16:35 \u2013 16:50<\/span><\/td>\n<td colspan=\"2\" width=\"491\"><span style=\"color: #000000;\">Khelali Meriem, Andr\u00e1s Jung<\/span><\/p>\n<p><span style=\"color: #000000;\"><em>The potential of remote sensing and GIS for forest fire risk assessment in El Tarf, Algeria<\/em><\/span><\/td>\n<\/tr>\n<tr>\n<td colspan=\"3\" width=\"605\"><span style=\"color: #000000;\"><strong>\u00a0<\/strong><\/span><\/td>\n<\/tr>\n<tr bgcolor=\"#50B964\">\n<td width=\"113\"><span style=\"color: #000000;\">16:50 \u2013 18:00<\/span><\/td>\n<td colspan=\"2\" width=\"491\"><span style=\"color: #000000;\"><strong>Poster Session<\/strong> <em>(Lecture Hall)<\/em><\/span><\/p>\n<p><span style=\"color: #000000;\"><strong>Including Sponsorship buffet<\/strong><\/span><\/td>\n<\/tr>\n<tr bgcolor=\"#50B964\">\n<td width=\"113\"><span style=\"color: #000000;\">Chair<\/span><\/td>\n<td colspan=\"2\" width=\"491\"><span style=\"color: #000000;\">Dr. Istv\u00e1n Csige<\/span><\/td>\n<\/tr>\n<tr>\n<td width=\"113\"><span style=\"color: #000000;\"><strong>\u00a0<\/strong><\/span><\/td>\n<td colspan=\"2\" width=\"491\"><\/td>\n<\/tr>\n<tr>\n<td width=\"113\"><span style=\"color: #000000;\">18:00 \u2013<\/span><\/td>\n<td colspan=\"2\" width=\"491\"><span style=\"color: #000000;\"><strong>Optional laboratory visit<\/strong><\/span><\/td>\n<\/tr>\n<\/tbody>\n<\/table>\n<p>[\/vc_column_text][\/vc_column][\/vc_row][vc_row][vc_column width=&#8221;1\/3&#8243;][vc_btn title=&#8221;BACK to for daily programs&#8221; style=&#8221;outline-custom&#8221; outline_custom_color=&#8221;#000000&#8243; outline_custom_hover_background=&#8221;#50b964&#8243; outline_custom_hover_text=&#8221;#ffffff&#8221; shape=&#8221;round&#8221; link=&#8221;url:https%3A%2F%2Fkmktk2024.atomki.hu%2Fen%2Fprogramme-wednesday-3th-april%2F|title:Program%20%E2%80%93%20Szerda%2C%20%C3%A1prilis%2003.&#8221;][\/vc_column][vc_column width=&#8221;1\/3&#8243;][\/vc_column][vc_column width=&#8221;1\/3&#8243;][\/vc_column][\/vc_row]<\/p>\n<\/div>","protected":false},"excerpt":{"rendered":"<p>[vc_row][vc_column][vc_custom_heading source=&#8221;post_title&#8221; font_container=&#8221;tag:h3|text_align:left&#8221; use_theme_fonts=&#8221;yes&#8221;][vc_text_separator title=&#8221;19th CARPATHIAN BASIN CONFERENCE FOR ENVIRONMENTAL SCIENCES&#8221; title_align=&#8221;separator_align_left&#8221; color=&#8221;custom&#8221; style=&#8221;dotted&#8221; border_width=&#8221;2&#8243; css_animation=&#8221;right-to-left&#8221; accent_color=&#8221;#50b964&#8243;][\/vc_column][\/vc_row][vc_row][vc_column][vc_column_text] 08:00 \u2013 09:45 Registration (Building XII. 3rd floor) 09:45<span class=\"excerpt-hellip\"> [\u2026]<\/span><\/p>\n","protected":false},"author":1,"featured_media":0,"parent":0,"menu_order":0,"comment_status":"closed","ping_status":"closed","template":"","meta":{"inline_featured_image":false,"footnotes":""},"class_list":["post-531","page","type-page","status-publish","hentry"],"_links":{"self":[{"href":"https:\/\/kmktk2024.atomki.hu\/en\/wp-json\/wp\/v2\/pages\/531","targetHints":{"allow":["GET"]}}],"collection":[{"href":"https:\/\/kmktk2024.atomki.hu\/en\/wp-json\/wp\/v2\/pages"}],"about":[{"href":"https:\/\/kmktk2024.atomki.hu\/en\/wp-json\/wp\/v2\/types\/page"}],"author":[{"embeddable":true,"href":"https:\/\/kmktk2024.atomki.hu\/en\/wp-json\/wp\/v2\/users\/1"}],"replies":[{"embeddable":true,"href":"https:\/\/kmktk2024.atomki.hu\/en\/wp-json\/wp\/v2\/comments?post=531"}],"version-history":[{"count":10,"href":"https:\/\/kmktk2024.atomki.hu\/en\/wp-json\/wp\/v2\/pages\/531\/revisions"}],"predecessor-version":[{"id":604,"href":"https:\/\/kmktk2024.atomki.hu\/en\/wp-json\/wp\/v2\/pages\/531\/revisions\/604"}],"wp:attachment":[{"href":"https:\/\/kmktk2024.atomki.hu\/en\/wp-json\/wp\/v2\/media?parent=531"}],"curies":[{"name":"wp","href":"https:\/\/api.w.org\/{rel}","templated":true}]}}